{"id":3824,"date":"2023-10-23T08:18:19","date_gmt":"2023-10-23T08:18:19","guid":{"rendered":"https:\/\/madebyinkandlise.com\/?page_id=3824"},"modified":"2024-08-29T07:29:05","modified_gmt":"2024-08-29T07:29:05","slug":"newsletters","status":"publish","type":"page","link":"https:\/\/madebyinkandlise.com\/de\/newsletters\/","title":{"rendered":"Newsletters"},"content":{"rendered":"\t\t<div data-elementor-type=\"wp-page\" data-elementor-id=\"3824\" class=\"elementor elementor-3824 elementor-3822\" data-elementor-post-type=\"page\">\n\t\t\t\t\t\t<section class=\"elementor-section elementor-top-section elementor-element elementor-element-16eaaa56 elementor-section-boxed elementor-section-height-default elementor-section-height-default\" data-id=\"16eaaa56\" data-element_type=\"section\" data-e-type=\"section\" data-settings=\"{&quot;background_background&quot;:&quot;classic&quot;,&quot;shape_divider_bottom&quot;:&quot;arrow&quot;,&quot;shape_divider_bottom_negative&quot;:&quot;yes&quot;}\">\n\t\t\t\t\t<div class=\"elementor-shape elementor-shape-bottom\" aria-hidden=\"true\" data-negative=\"true\">\n\t\t\t<svg xmlns=\"http:\/\/www.w3.org\/2000\/svg\" viewBox=\"0 0 700 10\" preserveAspectRatio=\"none\">\n\t<path class=\"elementor-shape-fill\" d=\"M360 0L350 9.9 340 0 0 0 0 10 700 10 700 0\"\/>\n<\/svg>\t\t<\/div>\n\t\t\t\t\t<div class=\"elementor-container elementor-column-gap-default\">\n\t\t\t\t\t<div class=\"elementor-column elementor-col-100 elementor-top-column elementor-element elementor-element-68752a8f\" data-id=\"68752a8f\" data-element_type=\"column\" data-e-type=\"column\">\n\t\t\t<div class=\"elementor-widget-wrap elementor-element-populated\">\n\t\t\t\t\t\t<div class=\"elementor-element elementor-element-8337386 elementor-widget elementor-widget-heading\" data-id=\"8337386\" data-element_type=\"widget\" data-e-type=\"widget\" data-widget_type=\"heading.default\">\n\t\t\t\t\t<h1 class=\"elementor-heading-title elementor-size-default\">Newsletter<\/h1>\t\t\t\t<\/div>\n\t\t\t\t\t<\/div>\n\t\t<\/div>\n\t\t\t\t\t<\/div>\n\t\t<\/section>\n\t\t\t\t<section class=\"elementor-section elementor-top-section elementor-element elementor-element-3f1d809e elementor-section-boxed elementor-section-height-default elementor-section-height-default\" data-id=\"3f1d809e\" data-element_type=\"section\" data-e-type=\"section\" data-settings=\"{&quot;background_background&quot;:&quot;classic&quot;}\">\n\t\t\t\t\t\t<div class=\"elementor-container elementor-column-gap-wider\">\n\t\t\t\t\t<div class=\"elementor-column elementor-col-50 elementor-top-column elementor-element elementor-element-73f4e60f\" data-id=\"73f4e60f\" data-element_type=\"column\" data-e-type=\"column\">\n\t\t\t<div class=\"elementor-widget-wrap elementor-element-populated\">\n\t\t\t\t\t\t<div class=\"elementor-element elementor-element-4b5d5b4d elementor-widget elementor-widget-text-editor\" data-id=\"4b5d5b4d\" data-element_type=\"widget\" data-e-type=\"widget\" data-widget_type=\"text-editor.default\">\n\t\t\t\t\t\t\t\t\t<p>Willst du mein Gehirn besuchen und gleichzeitig tolle Tipps und Angebote erhalten? Toll, Sie m\u00fcssen sich nur f\u00fcr meinen Ink &amp; Friends-Newsletter anmelden. Es gibt sie in drei verschiedenen Kategorien: <\/p>\n<p><strong>Firmen-Newsletter<br \/><\/strong>Macht mehr Spa\u00df als es klingt! \u00dcber das Unternehmertum, meinen Arbeitsalltag, meine Aufgaben, den Blick hinter die Kulissen, Stress, Planung, Lebensstil, Kreativit\u00e4t und woher ich meine Inspiration nehme.<\/p>\n<p><strong>Das Werkzeug Letter<br \/><\/strong>Denn Lettering kann ein materieller Sport sein. \u00dcber neue Produkte, Werbeaktionen, Workshops, meine Lieblingswerkzeuge, Produktvergleiche und Tipps.<\/p>\n<p><strong>Tipps und Tricks Newsletter<br \/><\/strong>Inspo und Infos de luxe! Mit schnellen und einfachen Beschriftungstipps und -tricks, Buchtipps, Einblicken und Antworten auf h\u00e4ufig gestellte Fragen zu Beschriftung, Design und Zeichnung.<\/p>\n\t\t\t\t\t\t\t\t<\/div>\n\t\t\t\t\t<\/div>\n\t\t<\/div>\n\t\t\t\t<div class=\"elementor-column elementor-col-50 elementor-top-column elementor-element elementor-element-78afc530\" data-id=\"78afc530\" data-element_type=\"column\" data-e-type=\"column\">\n\t\t\t<div class=\"elementor-widget-wrap elementor-element-populated\">\n\t\t\t\t\t\t<div class=\"elementor-element elementor-element-32ed75c elementor-widget elementor-widget-html\" data-id=\"32ed75c\" data-element_type=\"widget\" data-e-type=\"widget\" data-widget_type=\"html.default\">\n\t\t\t\t\t<form method=\"post\" action=\"https:\/\/shop.inkandlise.com\/?na=s\">\r\n<input type=\"hidden\" name=\"nlang\" value=\"sv\">\r\n<div class=\"tnp-field tnp-field-email\"><label for=\"tnp-1\">E-post<\/label>\r\n<input class=\"tnp-email\" type=\"email\" name=\"ne\" id=\"tnp-1\" value=\"\" placeholder=\"\" required><\/div>\r\n\r\n\r\n<div class=\"tnp-field tnp-field-checkbox tnp-field-list\"><label for=\"nl6\"><input type=\"checkbox\" id=\"nl6\" name=\"nl[]\" value=\"6\" checked> The Company Letter<\/label><\/div>\r\n<div class=\"tnp-field tnp-field-checkbox tnp-field-list\"><label for=\"nl7\"><input type=\"checkbox\" id=\"nl7\" name=\"nl[]\" value=\"7\" checked> The Tool Letter<\/label><\/div>\r\n<div class=\"tnp-field tnp-field-checkbox tnp-field-list\"><label for=\"nl8\"><input type=\"checkbox\" id=\"nl8\" name=\"nl[]\" value=\"8\" checked> The Tips and Tricks Letter<\/label><\/div>\r\n<\/div><div class=\"tnp-field tnp-field-button\" style=\"text-align: left\"><input class=\"tnp-submit\" type=\"submit\" value=\"Prenumerera\" style=\"\">\r\n<\/div>\r\n<\/form>\r\n<\/div>\r\n<\/p><\/div>\t\t\t\t<\/div>\n\t\t\t\t\t<\/div>\n\t\t<\/div>\n\t\t\t\t\t<\/div>\n\t\t<\/section>\n\t\t\t\t<\/div>\n\t\t","protected":false},"excerpt":{"rendered":"<p>Newsletter Willst du mein Gehirn besuchen und gleichzeitig tolle Tipps und Angebote erhalten? Toll, Sie m\u00fcssen sich nur f\u00fcr meinen Ink &amp; Friends-Newsletter anmelden. Es gibt sie in drei verschiedenen Kategorien: Firmen-NewsletterMacht mehr Spa\u00df als es klingt! \u00dcber das Unternehmertum, meinen Arbeitsalltag, meine Aufgaben, den Blick hinter die Kulissen, Stress, Planung, Lebensstil, Kreativit\u00e4t und woher [&hellip;]<\/p>\n","protected":false},"author":1,"featured_media":1159,"parent":0,"menu_order":0,"comment_status":"closed","ping_status":"closed","template":"","meta":{"_acf_changed":false,"footnotes":""},"class_list":["post-3824","page","type-page","status-publish","has-post-thumbnail","hentry"],"acf":[],"yoast_head":"<!-- This site is optimized with the Yoast SEO plugin v24.2 - https:\/\/yoast.com\/wordpress\/plugins\/seo\/ -->\n<title>Handgeschriebene Einladungen und Tischkarten f\u00fcr Hochzeiten und Feste<\/title>\n<meta name=\"description\" content=\"Bestellen Sie einzigartige, sch\u00f6ne und exklusive Einladungen f\u00fcr Ihre Hochzeit oder Ihr Fest. Handgeschriebene Einladungen, Tischkarten und Datumsangaben.\" \/>\n<meta name=\"robots\" content=\"index, follow, max-snippet:-1, max-image-preview:large, max-video-preview:-1\" \/>\n<link rel=\"canonical\" href=\"https:\/\/madebyinkandlise.com\/de\/newsletters\/\" \/>\n<meta property=\"og:locale\" content=\"de_DE\" \/>\n<meta property=\"og:type\" content=\"article\" \/>\n<meta property=\"og:title\" content=\"Handgeschriebene Einladungen und Tischkarten f\u00fcr Hochzeiten und Feste\" \/>\n<meta property=\"og:description\" content=\"Bestellen Sie einzigartige, sch\u00f6ne und exklusive Einladungen f\u00fcr Ihre Hochzeit oder Ihr Fest. Handgeschriebene Einladungen, Tischkarten und Datumsangaben.\" \/>\n<meta property=\"og:url\" content=\"https:\/\/madebyinkandlise.com\/de\/newsletters\/\" \/>\n<meta property=\"og:site_name\" content=\"Made by Ink &amp; lise\" \/>\n<meta property=\"article:publisher\" content=\"https:\/\/www.facebook.com\/inkandlise\/\" \/>\n<meta property=\"article:modified_time\" content=\"2024-08-29T07:29:05+00:00\" \/>\n<meta property=\"og:image\" content=\"https:\/\/madebyinkandlise.com\/wp-content\/uploads\/2023\/01\/Inbjudningar-brollop-och-fest.jpg\" \/>\n\t<meta property=\"og:image:width\" content=\"2560\" \/>\n\t<meta property=\"og:image:height\" content=\"1440\" \/>\n\t<meta property=\"og:image:type\" content=\"image\/jpeg\" \/>\n<meta name=\"twitter:card\" content=\"summary_large_image\" \/>\n<meta name=\"twitter:label1\" content=\"Gesch\u00e4tzte Lesezeit\" \/>\n\t<meta name=\"twitter:data1\" content=\"1\u00a0Minute\" \/>\n<script type=\"application\/ld+json\" class=\"yoast-schema-graph\">{\"@context\":\"https:\/\/schema.org\",\"@graph\":[{\"@type\":\"WebPage\",\"@id\":\"https:\/\/madebyinkandlise.com\/de\/newsletters\/\",\"url\":\"https:\/\/madebyinkandlise.com\/de\/newsletters\/\",\"name\":\"Handgeschriebene Einladungen und Tischkarten f\u00fcr Hochzeiten und Feste\",\"isPartOf\":{\"@id\":\"https:\/\/madebyinkandlise.com\/de\/#website\"},\"primaryImageOfPage\":{\"@id\":\"https:\/\/madebyinkandlise.com\/de\/newsletters\/#primaryimage\"},\"image\":{\"@id\":\"https:\/\/madebyinkandlise.com\/de\/newsletters\/#primaryimage\"},\"thumbnailUrl\":\"https:\/\/madebyinkandlise.com\/wp-content\/uploads\/2023\/01\/Inbjudningar-brollop-och-fest.jpg\",\"datePublished\":\"2023-10-23T08:18:19+00:00\",\"dateModified\":\"2024-08-29T07:29:05+00:00\",\"description\":\"Bestellen Sie einzigartige, sch\u00f6ne und exklusive Einladungen f\u00fcr Ihre Hochzeit oder Ihr Fest. Handgeschriebene Einladungen, Tischkarten und Datumsangaben.\",\"breadcrumb\":{\"@id\":\"https:\/\/madebyinkandlise.com\/de\/newsletters\/#breadcrumb\"},\"inLanguage\":\"de\",\"potentialAction\":[{\"@type\":\"ReadAction\",\"target\":[\"https:\/\/madebyinkandlise.com\/de\/newsletters\/\"]}]},{\"@type\":\"ImageObject\",\"inLanguage\":\"de\",\"@id\":\"https:\/\/madebyinkandlise.com\/de\/newsletters\/#primaryimage\",\"url\":\"https:\/\/madebyinkandlise.com\/wp-content\/uploads\/2023\/01\/Inbjudningar-brollop-och-fest.jpg\",\"contentUrl\":\"https:\/\/madebyinkandlise.com\/wp-content\/uploads\/2023\/01\/Inbjudningar-brollop-och-fest.jpg\",\"width\":2560,\"height\":1440,\"caption\":\"einladungen-br\u00f6tchen-und-party\"},{\"@type\":\"BreadcrumbList\",\"@id\":\"https:\/\/madebyinkandlise.com\/de\/newsletters\/#breadcrumb\",\"itemListElement\":[{\"@type\":\"ListItem\",\"position\":1,\"name\":\"Startseite\",\"item\":\"https:\/\/madebyinkandlise.com\/de\/gestaltung\/\"},{\"@type\":\"ListItem\",\"position\":2,\"name\":\"Newsletters\"}]},{\"@type\":\"WebSite\",\"@id\":\"https:\/\/madebyinkandlise.com\/de\/#website\",\"url\":\"https:\/\/madebyinkandlise.com\/de\/\",\"name\":\"Made by Ink & Lise\",\"description\":\"\",\"publisher\":{\"@id\":\"https:\/\/madebyinkandlise.com\/de\/#organization\"},\"potentialAction\":[{\"@type\":\"SearchAction\",\"target\":{\"@type\":\"EntryPoint\",\"urlTemplate\":\"https:\/\/madebyinkandlise.com\/de\/?s={search_term_string}\"},\"query-input\":{\"@type\":\"PropertyValueSpecification\",\"valueRequired\":true,\"valueName\":\"search_term_string\"}}],\"inLanguage\":\"de\"},{\"@type\":\"Organization\",\"@id\":\"https:\/\/madebyinkandlise.com\/de\/#organization\",\"name\":\"Ink & Lise AB\",\"url\":\"https:\/\/madebyinkandlise.com\/de\/\",\"logo\":{\"@type\":\"ImageObject\",\"inLanguage\":\"de\",\"@id\":\"https:\/\/madebyinkandlise.com\/de\/#\/schema\/logo\/image\/\",\"url\":\"https:\/\/madebyinkandlise.com\/wp-content\/uploads\/2022\/04\/Logo.png\",\"contentUrl\":\"https:\/\/madebyinkandlise.com\/wp-content\/uploads\/2022\/04\/Logo.png\",\"width\":600,\"height\":159,\"caption\":\"Ink & Lise AB\"},\"image\":{\"@id\":\"https:\/\/madebyinkandlise.com\/de\/#\/schema\/logo\/image\/\"},\"sameAs\":[\"https:\/\/www.facebook.com\/inkandlise\/\",\"https:\/\/www.linkedin.com\/in\/lise-hellstrm-77004327b\/\",\"https:\/\/www.instagram.com\/inkandlise\/\"]}]}<\/script>\n<!-- \/ Yoast SEO plugin. -->","yoast_head_json":{"title":"Handgeschriebene Einladungen und Tischkarten f\u00fcr Hochzeiten und Feste","description":"Bestellen Sie einzigartige, sch\u00f6ne und exklusive Einladungen f\u00fcr Ihre Hochzeit oder Ihr Fest. Handgeschriebene Einladungen, Tischkarten und Datumsangaben.","robots":{"index":"index","follow":"follow","max-snippet":"max-snippet:-1","max-image-preview":"max-image-preview:large","max-video-preview":"max-video-preview:-1"},"canonical":"https:\/\/madebyinkandlise.com\/de\/newsletters\/","og_locale":"de_DE","og_type":"article","og_title":"Handgeschriebene Einladungen und Tischkarten f\u00fcr Hochzeiten und Feste","og_description":"Bestellen Sie einzigartige, sch\u00f6ne und exklusive Einladungen f\u00fcr Ihre Hochzeit oder Ihr Fest. Handgeschriebene Einladungen, Tischkarten und Datumsangaben.","og_url":"https:\/\/madebyinkandlise.com\/de\/newsletters\/","og_site_name":"Made by Ink &amp; lise","article_publisher":"https:\/\/www.facebook.com\/inkandlise\/","article_modified_time":"2024-08-29T07:29:05+00:00","og_image":[{"width":2560,"height":1440,"url":"https:\/\/madebyinkandlise.com\/wp-content\/uploads\/2023\/01\/Inbjudningar-brollop-och-fest.jpg","type":"image\/jpeg"}],"twitter_card":"summary_large_image","twitter_misc":{"Gesch\u00e4tzte Lesezeit":"1\u00a0Minute"},"schema":{"@context":"https:\/\/schema.org","@graph":[{"@type":"WebPage","@id":"https:\/\/madebyinkandlise.com\/de\/newsletters\/","url":"https:\/\/madebyinkandlise.com\/de\/newsletters\/","name":"Handgeschriebene Einladungen und Tischkarten f\u00fcr Hochzeiten und Feste","isPartOf":{"@id":"https:\/\/madebyinkandlise.com\/de\/#website"},"primaryImageOfPage":{"@id":"https:\/\/madebyinkandlise.com\/de\/newsletters\/#primaryimage"},"image":{"@id":"https:\/\/madebyinkandlise.com\/de\/newsletters\/#primaryimage"},"thumbnailUrl":"https:\/\/madebyinkandlise.com\/wp-content\/uploads\/2023\/01\/Inbjudningar-brollop-och-fest.jpg","datePublished":"2023-10-23T08:18:19+00:00","dateModified":"2024-08-29T07:29:05+00:00","description":"Bestellen Sie einzigartige, sch\u00f6ne und exklusive Einladungen f\u00fcr Ihre Hochzeit oder Ihr Fest. Handgeschriebene Einladungen, Tischkarten und Datumsangaben.","breadcrumb":{"@id":"https:\/\/madebyinkandlise.com\/de\/newsletters\/#breadcrumb"},"inLanguage":"de","potentialAction":[{"@type":"ReadAction","target":["https:\/\/madebyinkandlise.com\/de\/newsletters\/"]}]},{"@type":"ImageObject","inLanguage":"de","@id":"https:\/\/madebyinkandlise.com\/de\/newsletters\/#primaryimage","url":"https:\/\/madebyinkandlise.com\/wp-content\/uploads\/2023\/01\/Inbjudningar-brollop-och-fest.jpg","contentUrl":"https:\/\/madebyinkandlise.com\/wp-content\/uploads\/2023\/01\/Inbjudningar-brollop-och-fest.jpg","width":2560,"height":1440,"caption":"einladungen-br\u00f6tchen-und-party"},{"@type":"BreadcrumbList","@id":"https:\/\/madebyinkandlise.com\/de\/newsletters\/#breadcrumb","itemListElement":[{"@type":"ListItem","position":1,"name":"Startseite","item":"https:\/\/madebyinkandlise.com\/de\/gestaltung\/"},{"@type":"ListItem","position":2,"name":"Newsletters"}]},{"@type":"WebSite","@id":"https:\/\/madebyinkandlise.com\/de\/#website","url":"https:\/\/madebyinkandlise.com\/de\/","name":"Made by Ink & Lise","description":"","publisher":{"@id":"https:\/\/madebyinkandlise.com\/de\/#organization"},"potentialAction":[{"@type":"SearchAction","target":{"@type":"EntryPoint","urlTemplate":"https:\/\/madebyinkandlise.com\/de\/?s={search_term_string}"},"query-input":{"@type":"PropertyValueSpecification","valueRequired":true,"valueName":"search_term_string"}}],"inLanguage":"de"},{"@type":"Organization","@id":"https:\/\/madebyinkandlise.com\/de\/#organization","name":"Ink & Lise AB","url":"https:\/\/madebyinkandlise.com\/de\/","logo":{"@type":"ImageObject","inLanguage":"de","@id":"https:\/\/madebyinkandlise.com\/de\/#\/schema\/logo\/image\/","url":"https:\/\/madebyinkandlise.com\/wp-content\/uploads\/2022\/04\/Logo.png","contentUrl":"https:\/\/madebyinkandlise.com\/wp-content\/uploads\/2022\/04\/Logo.png","width":600,"height":159,"caption":"Ink & Lise AB"},"image":{"@id":"https:\/\/madebyinkandlise.com\/de\/#\/schema\/logo\/image\/"},"sameAs":["https:\/\/www.facebook.com\/inkandlise\/","https:\/\/www.linkedin.com\/in\/lise-hellstrm-77004327b\/","https:\/\/www.instagram.com\/inkandlise\/"]}]}},"_links":{"self":[{"href":"https:\/\/madebyinkandlise.com\/de\/wp-json\/wp\/v2\/pages\/3824","targetHints":{"allow":["GET"]}}],"collection":[{"href":"https:\/\/madebyinkandlise.com\/de\/wp-json\/wp\/v2\/pages"}],"about":[{"href":"https:\/\/madebyinkandlise.com\/de\/wp-json\/wp\/v2\/types\/page"}],"author":[{"embeddable":true,"href":"https:\/\/madebyinkandlise.com\/de\/wp-json\/wp\/v2\/users\/1"}],"replies":[{"embeddable":true,"href":"https:\/\/madebyinkandlise.com\/de\/wp-json\/wp\/v2\/comments?post=3824"}],"version-history":[{"count":0,"href":"https:\/\/madebyinkandlise.com\/de\/wp-json\/wp\/v2\/pages\/3824\/revisions"}],"wp:featuredmedia":[{"embeddable":true,"href":"https:\/\/madebyinkandlise.com\/de\/wp-json\/wp\/v2\/media\/1159"}],"wp:attachment":[{"href":"https:\/\/madebyinkandlise.com\/de\/wp-json\/wp\/v2\/media?parent=3824"}],"curies":[{"name":"wp","href":"https:\/\/api.w.org\/{rel}","templated":true}]}}