{"id":2280,"date":"2023-01-25T16:44:42","date_gmt":"2023-01-25T16:44:42","guid":{"rendered":"https:\/\/madebyinkandlise.com\/ueber-tinte-und-lise\/"},"modified":"2023-07-29T13:13:41","modified_gmt":"2023-07-29T13:13:41","slug":"ueber-tinte-und-lise","status":"publish","type":"page","link":"https:\/\/madebyinkandlise.com\/de\/ueber-tinte-und-lise\/","title":{"rendered":"\u00dcber Ink and Lise"},"content":{"rendered":"\t\t<div data-elementor-type=\"wp-page\" data-elementor-id=\"2280\" class=\"elementor elementor-2280 elementor-676\" data-elementor-post-type=\"page\">\n\t\t\t\t<div class=\"elementor-element elementor-element-986ec12 e-con-full e-flex e-con e-parent\" data-id=\"986ec12\" data-element_type=\"container\" data-e-type=\"container\">\n\t\t<div class=\"elementor-element elementor-element-14bb07e e-con-full e-flex e-con e-parent\" data-id=\"14bb07e\" data-element_type=\"container\" data-e-type=\"container\" data-settings=\"{&quot;background_background&quot;:&quot;classic&quot;}\">\n\t\t\t\t<\/div>\n\t\t\t\t<\/div>\n\t\t\t\t<section class=\"elementor-section elementor-top-section elementor-element elementor-element-42e49b9f elementor-section-boxed elementor-section-height-default elementor-section-height-default\" data-id=\"42e49b9f\" data-element_type=\"section\" data-e-type=\"section\" data-settings=\"{&quot;background_background&quot;:&quot;classic&quot;,&quot;shape_divider_bottom&quot;:&quot;arrow&quot;,&quot;shape_divider_bottom_negative&quot;:&quot;yes&quot;}\">\n\t\t\t\t\t<div class=\"elementor-shape elementor-shape-bottom\" aria-hidden=\"true\" data-negative=\"true\">\n\t\t\t<svg xmlns=\"http:\/\/www.w3.org\/2000\/svg\" viewBox=\"0 0 700 10\" preserveAspectRatio=\"none\">\n\t<path class=\"elementor-shape-fill\" d=\"M360 0L350 9.9 340 0 0 0 0 10 700 10 700 0\"\/>\n<\/svg>\t\t<\/div>\n\t\t\t\t\t<div class=\"elementor-container elementor-column-gap-default\">\n\t\t\t\t\t<div class=\"elementor-column elementor-col-100 elementor-top-column elementor-element elementor-element-d090118\" data-id=\"d090118\" data-element_type=\"column\" data-e-type=\"column\">\n\t\t\t<div class=\"elementor-widget-wrap elementor-element-populated\">\n\t\t\t\t\t\t<div class=\"elementor-element elementor-element-6c1c4cba elementor-widget elementor-widget-heading\" data-id=\"6c1c4cba\" data-element_type=\"widget\" data-e-type=\"widget\" data-widget_type=\"heading.default\">\n\t\t\t\t\t<h1 class=\"elementor-heading-title elementor-size-default\">Lise Hellstr\u00f6m<\/h1>\t\t\t\t<\/div>\n\t\t\t\t\t<\/div>\n\t\t<\/div>\n\t\t\t\t\t<\/div>\n\t\t<\/section>\n\t\t\t\t<section class=\"elementor-section elementor-top-section elementor-element elementor-element-6dae5f4c elementor-section-boxed elementor-section-height-default elementor-section-height-default\" data-id=\"6dae5f4c\" data-element_type=\"section\" data-e-type=\"section\" data-settings=\"{&quot;background_background&quot;:&quot;classic&quot;}\">\n\t\t\t\t\t\t<div class=\"elementor-container elementor-column-gap-wider\">\n\t\t\t\t\t<div class=\"elementor-column elementor-col-50 elementor-top-column elementor-element elementor-element-2582660a\" data-id=\"2582660a\" data-element_type=\"column\" data-e-type=\"column\">\n\t\t\t<div class=\"elementor-widget-wrap elementor-element-populated\">\n\t\t\t\t\t\t<div class=\"elementor-element elementor-element-67e636de elementor-widget elementor-widget-text-editor\" data-id=\"67e636de\" data-element_type=\"widget\" data-e-type=\"widget\" data-widget_type=\"text-editor.default\">\n\t\t\t\t\t\t\t\t\t<p>Alles, was Sie \u00fcber mich wissen m\u00fcssen, ist, dass ich mich leidenschaftlich f\u00fcr Briefe und Kommunikation interessiere und dass ich beides sehr gut kann, was Ihnen sehr n\u00fctzlich sein k\u00f6nnte. Das war&#8217;s dann wohl, oder?&nbsp;<\/p>\n<p>Aber wenn wir uns ein wenig n\u00e4her kennenlernen wollen, Sie und ich, sollte ich vielleicht noch ein paar Fakten hinzuf\u00fcgen. Andernfalls wird es&#8230; starr? Wir beginnen mit einem allgemeinen Ansatz:<\/p>\n<p>Ich hei\u00dfe zum Beispiel Lise Hellstr\u00f6m und wohne in Varberg, Schweden. Ich betreibe Ink &amp; Lise seit 2017 mit dem Fokus auf individuellem Grafikdesign mit Buchstaben in der Hauptrolle, um Marken, Produkte und Menschen zu kreieren, zu heben oder zu entwickeln.<\/p>\n<p>Aber nicht nur die Oberfl\u00e4che interessiert mich: Ich arbeite auch an der Erstellung von Texten. Mein Arbeitsprozess ist geradlinig, transparent und klar &#8211; ein bisschen wie ich selbst, mit dem zus\u00e4tzlichen Vorteil, dass es auch Spa\u00df macht, mit mir zusammen zu sein.<\/p>\n<p>Ich arbeite mit Marken, Unternehmen und Menschen aus vielen verschiedenen Branchen und L\u00e4ndern zusammen, solange sie fair und aufrichtig sind &#8211; das ist mein Motto, seit ich angefangen habe, und ich werde es bis zu meinem Tod beibehalten.<\/p>\n<p>Dar\u00fcber hinaus habe ich mehrere B\u00fccher geschrieben, halte Vortr\u00e4ge und Workshops in verschiedenen Bereichen, entwickle meine eigenen Produkte und habe einen Webshop, in dem ich all die Stifte und Werkzeuge verkaufe, die ich jeden Tag gerne benutze. Ich verschicke mehr oder weniger regelm\u00e4\u00dfig Newsletter mit Tipps und Gedanken zu wichtigen Dingen wie Lettering, Stress, neuen Stiften und Logodesign und bin auch auf Instagram unter @inkandlise zu finden &#8211; es ist mein eigener Sandkasten, in dem ich zum Spa\u00df schnell einfache, lustige oder wichtige W\u00f6rter zeichne, denn das Leben ist zu kurz f\u00fcr das Gegenteil.<\/p>\t\t\t\t\t\t\t\t<\/div>\n\t\t\t\t\t<\/div>\n\t\t<\/div>\n\t\t\t\t<div class=\"elementor-column elementor-col-50 elementor-top-column elementor-element elementor-element-18534c10\" data-id=\"18534c10\" data-element_type=\"column\" data-e-type=\"column\">\n\t\t\t<div class=\"elementor-widget-wrap elementor-element-populated\">\n\t\t\t\t\t\t<div class=\"elementor-element elementor-element-6a9358ce elementor-widget elementor-widget-text-editor\" data-id=\"6a9358ce\" data-element_type=\"widget\" data-e-type=\"widget\" data-widget_type=\"text-editor.default\">\n\t\t\t\t\t\t\t\t\t<p>Das ist eine Pr\u00e4sentation \u00fcber meine Arbeit. Ich habe sie an den Anfang gestellt, weil ich m\u00f6chte, dass Sie meine Dienstleistungen und Produkte kaufen. So kann ich weiterhin das tun, was ich liebe und was ich gut kann, und ich kann meine Familie ern\u00e4hren &#8211; es hat also einen Sinn.<\/p>\n<p>Aber wenn wir das Verkaufsgespr\u00e4ch f\u00fcr den Moment \u00fcberspringen k\u00f6nnen, wird Sie das vielleicht am\u00fcsieren:<\/p>\n<p>Ich habe eine gro\u00dfe Leidenschaft f\u00fcr leere Notizb\u00fccher, Wein, B\u00fccher und den Weltraum.<\/p>\n<p>Ich glaube, dass die Menschen mehr Zusammengeh\u00f6rigkeit, mehr Freizeit, mehr gleiche Bedingungen und mehr Zeit zum Lesen von B\u00fcchern brauchen.<\/p>\n<p>Ich glaube, wir brauchen mehr Zeit in der Natur auf Kosten unserer Zeit mit dem Telefon in der Hand, und<\/p>\n<p>Ich bin der festen \u00dcberzeugung, dass der Feminismus noch nicht zu weit gegangen ist (dazu kommt noch eine kr\u00e4ftige Dosis Klimaangst, und schon hat man einige meiner besten kreativen Motivationen).<\/p>\n<p>Ich h\u00f6re Billie Holiday und Cal Newport, aber aus ganz anderen Gr\u00fcnden.<\/p>\n<p>Ich liebe die Farbe Schwarz, Pl\u00fcschtiere und Leint\u00fccher &#8211; in keiner bestimmten Reihenfolge, m\u00f6chte ich hinzuf\u00fcgen.<\/p>\n<p>Wie das?<\/p>\n<p>Klingt das nach jemandem, mit dem Sie gerne zusammenarbeiten w\u00fcrden? Schicken Sie mir eine E-Mail und ich werde den Ball ins Rollen bringen! hallo<\/p>\n\t\t\t\t\t\t\t\t<\/div>\n\t\t\t\t<div class=\"elementor-element elementor-element-adc4a5e elementor-widget elementor-widget-image\" data-id=\"adc4a5e\" data-element_type=\"widget\" data-e-type=\"widget\" data-widget_type=\"image.default\">\n\t\t\t\t\t\t\t\t\t\t\t\t\t\t\t<img fetchpriority=\"high\" decoding=\"async\" width=\"462\" height=\"225\" src=\"https:\/\/madebyinkandlise.com\/wp-content\/uploads\/2023\/06\/Lise-3.png\" class=\"attachment-large size-large wp-image-2694\" alt=\"lise-3\" srcset=\"https:\/\/madebyinkandlise.com\/wp-content\/uploads\/2023\/06\/Lise-3.png 462w, https:\/\/madebyinkandlise.com\/wp-content\/uploads\/2023\/06\/Lise-3-300x146.png 300w\" sizes=\"(max-width: 462px) 100vw, 462px\" \/>\t\t\t\t\t\t\t\t\t\t\t\t\t\t\t<\/div>\n\t\t\t\t<div class=\"elementor-element elementor-element-4979653 elementor-icon-list--layout-traditional elementor-list-item-link-full_width elementor-widget elementor-widget-icon-list\" data-id=\"4979653\" data-element_type=\"widget\" data-e-type=\"widget\" data-widget_type=\"icon-list.default\">\n\t\t\t\t\t\t\t<ul class=\"elementor-icon-list-items\">\n\t\t\t\t\t\t\t<li class=\"elementor-icon-list-item\">\n\t\t\t\t\t\t\t\t\t\t\t<span class=\"elementor-icon-list-icon\">\n\t\t\t\t\t\t\t<i aria-hidden=\"true\" class=\"fas fa-phone-alt\"><\/i>\t\t\t\t\t\t<\/span>\n\t\t\t\t\t\t\t\t\t\t<span class=\"elementor-icon-list-text\">+46 707 966 399<\/span>\n\t\t\t\t\t\t\t\t\t<\/li>\n\t\t\t\t\t\t\t\t<li class=\"elementor-icon-list-item\">\n\t\t\t\t\t\t\t\t\t\t\t<span class=\"elementor-icon-list-icon\">\n\t\t\t\t\t\t\t<i aria-hidden=\"true\" class=\"fas fa-envelope-open\"><\/i>\t\t\t\t\t\t<\/span>\n\t\t\t\t\t\t\t\t\t\t<span class=\"elementor-icon-list-text\">hello@inkandlise.com<\/span>\n\t\t\t\t\t\t\t\t\t<\/li>\n\t\t\t\t\t\t<\/ul>\n\t\t\t\t\t\t<\/div>\n\t\t\t\t\t<\/div>\n\t\t<\/div>\n\t\t\t\t\t<\/div>\n\t\t<\/section>\n\t\t\t\t<\/div>\n\t\t","protected":false},"excerpt":{"rendered":"<p>Lise Hellstr\u00f6m Alles, was Sie \u00fcber mich wissen m\u00fcssen, ist, dass ich mich leidenschaftlich f\u00fcr Briefe und Kommunikation interessiere und dass ich beides sehr gut kann, was Ihnen sehr n\u00fctzlich sein k\u00f6nnte. Das war&#8217;s dann wohl, oder?&nbsp; Aber wenn wir uns ein wenig n\u00e4her kennenlernen wollen, Sie und ich, sollte ich vielleicht noch ein paar [&hellip;]<\/p>\n","protected":false},"author":1,"featured_media":1157,"parent":0,"menu_order":0,"comment_status":"closed","ping_status":"closed","template":"","meta":{"_acf_changed":false,"footnotes":""},"class_list":["post-2280","page","type-page","status-publish","has-post-thumbnail","hentry"],"acf":[],"yoast_head":"<!-- This site is optimized with the Yoast SEO plugin v24.2 - https:\/\/yoast.com\/wordpress\/plugins\/seo\/ -->\n<title>Lise Helltr\u00f6m - Tinte &amp; Lise<\/title>\n<meta name=\"description\" content=\"Der Schwerpunkt liegt auf der Erstellung von individuellem Grafikdesign mit Buchstaben in der Hauptrolle, um Marken zu schaffen, zu verbessern oder zu entwickeln.\" \/>\n<meta name=\"robots\" content=\"index, follow, max-snippet:-1, max-image-preview:large, max-video-preview:-1\" \/>\n<link rel=\"canonical\" href=\"https:\/\/madebyinkandlise.com\/de\/ueber-tinte-und-lise\/\" \/>\n<meta property=\"og:locale\" content=\"de_DE\" \/>\n<meta property=\"og:type\" content=\"article\" \/>\n<meta property=\"og:title\" content=\"Lise Helltr\u00f6m - Tinte &amp; Lise\" \/>\n<meta property=\"og:description\" content=\"Der Schwerpunkt liegt auf der Erstellung von individuellem Grafikdesign mit Buchstaben in der Hauptrolle, um Marken zu schaffen, zu verbessern oder zu entwickeln.\" \/>\n<meta property=\"og:url\" content=\"https:\/\/madebyinkandlise.com\/de\/ueber-tinte-und-lise\/\" \/>\n<meta property=\"og:site_name\" content=\"Made by Ink &amp; lise\" \/>\n<meta property=\"article:publisher\" content=\"https:\/\/www.facebook.com\/inkandlise\/\" \/>\n<meta property=\"article:modified_time\" content=\"2023-07-29T13:13:41+00:00\" \/>\n<meta property=\"og:image\" content=\"https:\/\/madebyinkandlise.com\/wp-content\/uploads\/2023\/01\/om-Lise-Hellstrom-scaled.jpg\" \/>\n\t<meta property=\"og:image:width\" content=\"2560\" \/>\n\t<meta property=\"og:image:height\" content=\"1440\" \/>\n\t<meta property=\"og:image:type\" content=\"image\/jpeg\" \/>\n<meta name=\"twitter:card\" content=\"summary_large_image\" \/>\n<meta name=\"twitter:label1\" content=\"Gesch\u00e4tzte Lesezeit\" \/>\n\t<meta name=\"twitter:data1\" content=\"3\u00a0Minuten\" \/>\n<script type=\"application\/ld+json\" class=\"yoast-schema-graph\">{\"@context\":\"https:\/\/schema.org\",\"@graph\":[{\"@type\":\"WebPage\",\"@id\":\"https:\/\/madebyinkandlise.com\/de\/ueber-tinte-und-lise\/\",\"url\":\"https:\/\/madebyinkandlise.com\/de\/ueber-tinte-und-lise\/\",\"name\":\"Lise Helltr\u00f6m - Tinte & Lise\",\"isPartOf\":{\"@id\":\"https:\/\/madebyinkandlise.com\/de\/#website\"},\"primaryImageOfPage\":{\"@id\":\"https:\/\/madebyinkandlise.com\/de\/ueber-tinte-und-lise\/#primaryimage\"},\"image\":{\"@id\":\"https:\/\/madebyinkandlise.com\/de\/ueber-tinte-und-lise\/#primaryimage\"},\"thumbnailUrl\":\"https:\/\/madebyinkandlise.com\/wp-content\/uploads\/2023\/01\/om-Lise-Hellstrom-scaled.jpg\",\"datePublished\":\"2023-01-25T16:44:42+00:00\",\"dateModified\":\"2023-07-29T13:13:41+00:00\",\"description\":\"Der Schwerpunkt liegt auf der Erstellung von individuellem Grafikdesign mit Buchstaben in der Hauptrolle, um Marken zu schaffen, zu verbessern oder zu entwickeln.\",\"breadcrumb\":{\"@id\":\"https:\/\/madebyinkandlise.com\/de\/ueber-tinte-und-lise\/#breadcrumb\"},\"inLanguage\":\"de\",\"potentialAction\":[{\"@type\":\"ReadAction\",\"target\":[\"https:\/\/madebyinkandlise.com\/de\/ueber-tinte-und-lise\/\"]}]},{\"@type\":\"ImageObject\",\"inLanguage\":\"de\",\"@id\":\"https:\/\/madebyinkandlise.com\/de\/ueber-tinte-und-lise\/#primaryimage\",\"url\":\"https:\/\/madebyinkandlise.com\/wp-content\/uploads\/2023\/01\/om-Lise-Hellstrom-scaled.jpg\",\"contentUrl\":\"https:\/\/madebyinkandlise.com\/wp-content\/uploads\/2023\/01\/om-Lise-Hellstrom-scaled.jpg\",\"width\":2560,\"height\":1440,\"caption\":\"\u00fcber-lise-hellstrom\"},{\"@type\":\"BreadcrumbList\",\"@id\":\"https:\/\/madebyinkandlise.com\/de\/ueber-tinte-und-lise\/#breadcrumb\",\"itemListElement\":[{\"@type\":\"ListItem\",\"position\":1,\"name\":\"Startseite\",\"item\":\"https:\/\/madebyinkandlise.com\/de\/gestaltung\/\"},{\"@type\":\"ListItem\",\"position\":2,\"name\":\"\u00dcber Ink and Lise\"}]},{\"@type\":\"WebSite\",\"@id\":\"https:\/\/madebyinkandlise.com\/de\/#website\",\"url\":\"https:\/\/madebyinkandlise.com\/de\/\",\"name\":\"Made by Ink & Lise\",\"description\":\"\",\"publisher\":{\"@id\":\"https:\/\/madebyinkandlise.com\/de\/#organization\"},\"potentialAction\":[{\"@type\":\"SearchAction\",\"target\":{\"@type\":\"EntryPoint\",\"urlTemplate\":\"https:\/\/madebyinkandlise.com\/de\/?s={search_term_string}\"},\"query-input\":{\"@type\":\"PropertyValueSpecification\",\"valueRequired\":true,\"valueName\":\"search_term_string\"}}],\"inLanguage\":\"de\"},{\"@type\":\"Organization\",\"@id\":\"https:\/\/madebyinkandlise.com\/de\/#organization\",\"name\":\"Ink & Lise AB\",\"url\":\"https:\/\/madebyinkandlise.com\/de\/\",\"logo\":{\"@type\":\"ImageObject\",\"inLanguage\":\"de\",\"@id\":\"https:\/\/madebyinkandlise.com\/de\/#\/schema\/logo\/image\/\",\"url\":\"https:\/\/madebyinkandlise.com\/wp-content\/uploads\/2022\/04\/Logo.png\",\"contentUrl\":\"https:\/\/madebyinkandlise.com\/wp-content\/uploads\/2022\/04\/Logo.png\",\"width\":600,\"height\":159,\"caption\":\"Ink & Lise AB\"},\"image\":{\"@id\":\"https:\/\/madebyinkandlise.com\/de\/#\/schema\/logo\/image\/\"},\"sameAs\":[\"https:\/\/www.facebook.com\/inkandlise\/\",\"https:\/\/www.linkedin.com\/in\/lise-hellstrm-77004327b\/\",\"https:\/\/www.instagram.com\/inkandlise\/\"]}]}<\/script>\n<!-- \/ Yoast SEO plugin. -->","yoast_head_json":{"title":"Lise Helltr\u00f6m - Tinte & Lise","description":"Der Schwerpunkt liegt auf der Erstellung von individuellem Grafikdesign mit Buchstaben in der Hauptrolle, um Marken zu schaffen, zu verbessern oder zu entwickeln.","robots":{"index":"index","follow":"follow","max-snippet":"max-snippet:-1","max-image-preview":"max-image-preview:large","max-video-preview":"max-video-preview:-1"},"canonical":"https:\/\/madebyinkandlise.com\/de\/ueber-tinte-und-lise\/","og_locale":"de_DE","og_type":"article","og_title":"Lise Helltr\u00f6m - Tinte & Lise","og_description":"Der Schwerpunkt liegt auf der Erstellung von individuellem Grafikdesign mit Buchstaben in der Hauptrolle, um Marken zu schaffen, zu verbessern oder zu entwickeln.","og_url":"https:\/\/madebyinkandlise.com\/de\/ueber-tinte-und-lise\/","og_site_name":"Made by Ink &amp; lise","article_publisher":"https:\/\/www.facebook.com\/inkandlise\/","article_modified_time":"2023-07-29T13:13:41+00:00","og_image":[{"width":2560,"height":1440,"url":"https:\/\/madebyinkandlise.com\/wp-content\/uploads\/2023\/01\/om-Lise-Hellstrom-scaled.jpg","type":"image\/jpeg"}],"twitter_card":"summary_large_image","twitter_misc":{"Gesch\u00e4tzte Lesezeit":"3\u00a0Minuten"},"schema":{"@context":"https:\/\/schema.org","@graph":[{"@type":"WebPage","@id":"https:\/\/madebyinkandlise.com\/de\/ueber-tinte-und-lise\/","url":"https:\/\/madebyinkandlise.com\/de\/ueber-tinte-und-lise\/","name":"Lise Helltr\u00f6m - Tinte & Lise","isPartOf":{"@id":"https:\/\/madebyinkandlise.com\/de\/#website"},"primaryImageOfPage":{"@id":"https:\/\/madebyinkandlise.com\/de\/ueber-tinte-und-lise\/#primaryimage"},"image":{"@id":"https:\/\/madebyinkandlise.com\/de\/ueber-tinte-und-lise\/#primaryimage"},"thumbnailUrl":"https:\/\/madebyinkandlise.com\/wp-content\/uploads\/2023\/01\/om-Lise-Hellstrom-scaled.jpg","datePublished":"2023-01-25T16:44:42+00:00","dateModified":"2023-07-29T13:13:41+00:00","description":"Der Schwerpunkt liegt auf der Erstellung von individuellem Grafikdesign mit Buchstaben in der Hauptrolle, um Marken zu schaffen, zu verbessern oder zu entwickeln.","breadcrumb":{"@id":"https:\/\/madebyinkandlise.com\/de\/ueber-tinte-und-lise\/#breadcrumb"},"inLanguage":"de","potentialAction":[{"@type":"ReadAction","target":["https:\/\/madebyinkandlise.com\/de\/ueber-tinte-und-lise\/"]}]},{"@type":"ImageObject","inLanguage":"de","@id":"https:\/\/madebyinkandlise.com\/de\/ueber-tinte-und-lise\/#primaryimage","url":"https:\/\/madebyinkandlise.com\/wp-content\/uploads\/2023\/01\/om-Lise-Hellstrom-scaled.jpg","contentUrl":"https:\/\/madebyinkandlise.com\/wp-content\/uploads\/2023\/01\/om-Lise-Hellstrom-scaled.jpg","width":2560,"height":1440,"caption":"\u00fcber-lise-hellstrom"},{"@type":"BreadcrumbList","@id":"https:\/\/madebyinkandlise.com\/de\/ueber-tinte-und-lise\/#breadcrumb","itemListElement":[{"@type":"ListItem","position":1,"name":"Startseite","item":"https:\/\/madebyinkandlise.com\/de\/gestaltung\/"},{"@type":"ListItem","position":2,"name":"\u00dcber Ink and Lise"}]},{"@type":"WebSite","@id":"https:\/\/madebyinkandlise.com\/de\/#website","url":"https:\/\/madebyinkandlise.com\/de\/","name":"Made by Ink & Lise","description":"","publisher":{"@id":"https:\/\/madebyinkandlise.com\/de\/#organization"},"potentialAction":[{"@type":"SearchAction","target":{"@type":"EntryPoint","urlTemplate":"https:\/\/madebyinkandlise.com\/de\/?s={search_term_string}"},"query-input":{"@type":"PropertyValueSpecification","valueRequired":true,"valueName":"search_term_string"}}],"inLanguage":"de"},{"@type":"Organization","@id":"https:\/\/madebyinkandlise.com\/de\/#organization","name":"Ink & Lise AB","url":"https:\/\/madebyinkandlise.com\/de\/","logo":{"@type":"ImageObject","inLanguage":"de","@id":"https:\/\/madebyinkandlise.com\/de\/#\/schema\/logo\/image\/","url":"https:\/\/madebyinkandlise.com\/wp-content\/uploads\/2022\/04\/Logo.png","contentUrl":"https:\/\/madebyinkandlise.com\/wp-content\/uploads\/2022\/04\/Logo.png","width":600,"height":159,"caption":"Ink & Lise AB"},"image":{"@id":"https:\/\/madebyinkandlise.com\/de\/#\/schema\/logo\/image\/"},"sameAs":["https:\/\/www.facebook.com\/inkandlise\/","https:\/\/www.linkedin.com\/in\/lise-hellstrm-77004327b\/","https:\/\/www.instagram.com\/inkandlise\/"]}]}},"_links":{"self":[{"href":"https:\/\/madebyinkandlise.com\/de\/wp-json\/wp\/v2\/pages\/2280","targetHints":{"allow":["GET"]}}],"collection":[{"href":"https:\/\/madebyinkandlise.com\/de\/wp-json\/wp\/v2\/pages"}],"about":[{"href":"https:\/\/madebyinkandlise.com\/de\/wp-json\/wp\/v2\/types\/page"}],"author":[{"embeddable":true,"href":"https:\/\/madebyinkandlise.com\/de\/wp-json\/wp\/v2\/users\/1"}],"replies":[{"embeddable":true,"href":"https:\/\/madebyinkandlise.com\/de\/wp-json\/wp\/v2\/comments?post=2280"}],"version-history":[{"count":0,"href":"https:\/\/madebyinkandlise.com\/de\/wp-json\/wp\/v2\/pages\/2280\/revisions"}],"wp:featuredmedia":[{"embeddable":true,"href":"https:\/\/madebyinkandlise.com\/de\/wp-json\/wp\/v2\/media\/1157"}],"wp:attachment":[{"href":"https:\/\/madebyinkandlise.com\/de\/wp-json\/wp\/v2\/media?parent=2280"}],"curies":[{"name":"wp","href":"https:\/\/api.w.org\/{rel}","templated":true}]}}